{"id":980,"date":"2018-02-01T00:31:52","date_gmt":"2018-02-01T00:31:52","guid":{"rendered":"https:\/\/new.introlight.com.mx\/?page_id=980"},"modified":"2022-06-30T18:21:50","modified_gmt":"2022-06-30T18:21:50","slug":"bracket-cleaner-prueba","status":"publish","type":"page","link":"https:\/\/new.introlight.mx\/?page_id=980","title":{"rendered":"Bracket"},"content":{"rendered":"\t\t<div data-elementor-type=\"wp-post\" data-elementor-id=\"980\" class=\"elementor elementor-980\">\n\t\t\t\t\t\t<section class=\"elementor-section elementor-top-section elementor-element elementor-element-21a743d elementor-section-boxed elementor-section-height-default elementor-section-height-default\" data-id=\"21a743d\" data-element_type=\"section\" data-e-type=\"section\">\n\t\t\t\t\t\t<div class=\"elementor-container elementor-column-gap-default\">\n\t\t\t\t\t<div class=\"elementor-column elementor-col-100 elementor-top-column elementor-element elementor-element-5d0f90e\" data-id=\"5d0f90e\" data-element_type=\"column\" data-e-type=\"column\">\n\t\t\t<div class=\"elementor-widget-wrap\">\n\t\t\t\t\t\t\t<\/div>\n\t\t<\/div>\n\t\t\t\t\t<\/div>\n\t\t<\/section>\n\t\t\t\t<section class=\"elementor-section elementor-top-section elementor-element elementor-element-99dd787 elementor-section-boxed elementor-section-height-default elementor-section-height-default\" data-id=\"99dd787\" data-element_type=\"section\" data-e-type=\"section\">\n\t\t\t\t\t\t<div class=\"elementor-container elementor-column-gap-default\">\n\t\t\t\t\t<div class=\"elementor-column elementor-col-100 elementor-top-column elementor-element elementor-element-7fa25ac\" data-id=\"7fa25ac\" data-element_type=\"column\" data-e-type=\"column\">\n\t\t\t<div class=\"elementor-widget-wrap elementor-element-populated\">\n\t\t\t\t\t\t<div class=\"elementor-element elementor-element-de32f80 elementor-widget elementor-widget-heading\" data-id=\"de32f80\" data-element_type=\"widget\" data-e-type=\"widget\" data-widget_type=\"heading.default\">\n\t\t\t\t<div class=\"elementor-widget-container\">\n\t\t\t\t\t<h1 class=\"elementor-heading-title elementor-size-default\">\u00bfQUE ES BRACKET CLEANER?<\/h1>\t\t\t\t<\/div>\n\t\t\t\t<\/div>\n\t\t\t\t\t<\/div>\n\t\t<\/div>\n\t\t\t\t\t<\/div>\n\t\t<\/section>\n\t\t\t\t<section class=\"elementor-section elementor-top-section elementor-element elementor-element-780b77b elementor-section-boxed elementor-section-height-default elementor-section-height-default\" data-id=\"780b77b\" data-element_type=\"section\" data-e-type=\"section\">\n\t\t\t\t\t\t<div class=\"elementor-container elementor-column-gap-default\">\n\t\t\t\t\t<div class=\"elementor-column elementor-col-100 elementor-top-column elementor-element elementor-element-29e5588\" data-id=\"29e5588\" data-element_type=\"column\" data-e-type=\"column\">\n\t\t\t<div class=\"elementor-widget-wrap elementor-element-populated\">\n\t\t\t\t\t\t<section class=\"elementor-section elementor-inner-section elementor-element elementor-element-6fbdde9 elementor-section-boxed elementor-section-height-default elementor-section-height-default\" data-id=\"6fbdde9\" data-element_type=\"section\" data-e-type=\"section\">\n\t\t\t\t\t\t<div class=\"elementor-container elementor-column-gap-default\">\n\t\t\t\t\t<div class=\"elementor-column elementor-col-50 elementor-inner-column elementor-element elementor-element-e32c295\" data-id=\"e32c295\" data-element_type=\"column\" data-e-type=\"column\">\n\t\t\t<div class=\"elementor-widget-wrap elementor-element-populated\">\n\t\t\t\t\t\t<div class=\"elementor-element elementor-element-7342582 elementor-widget elementor-widget-heading\" data-id=\"7342582\" data-element_type=\"widget\" data-e-type=\"widget\" data-widget_type=\"heading.default\">\n\t\t\t\t<div class=\"elementor-widget-container\">\n\t\t\t\t\t<h4 class=\"elementor-heading-title elementor-size-default\"><br><br><span style=\"font-size: 17.6px;font-weight: 400;text-align: justify;white-space: normal\">Es un equipo pensado para reacondicionar correctamente un Bracket<\/span><br style=\"margin: 0px;padding: 0px;font-size: 17.6px;font-weight: 400;text-align: justify;white-space: normal\"><br style=\"margin: 0px;padding: 0px;font-size: 17.6px;font-weight: 400;text-align: justify;white-space: normal\"><span style=\"font-size: 17.6px;font-weight: 400;text-align: justify;white-space: normal\">Limpia con oxido de aluminio brackets met\u00e1licos o cer\u00e1micos, tubos y botones, con la facilidad de reutilizarlos inmediatamente.<\/span><br style=\"margin: 0px;padding: 0px;font-size: 17.6px;font-weight: 400;text-align: justify;white-space: normal\"><br style=\"margin: 0px;padding: 0px;font-size: 17.6px;font-weight: 400;text-align: justify;white-space: normal\"><span style=\"font-size: 17.6px;font-weight: 400;text-align: justify;white-space: normal\">Retira toda la resina que tiene el bracket encima, dentro y por detr\u00e1s de la malla.<\/span><br style=\"margin: 0px;padding: 0px;font-size: 17.6px;font-weight: 400;text-align: justify;white-space: normal\"><\/h4>\t\t\t\t<\/div>\n\t\t\t\t<\/div>\n\t\t\t\t\t<\/div>\n\t\t<\/div>\n\t\t\t\t<div class=\"elementor-column elementor-col-50 elementor-inner-column elementor-element elementor-element-77e2dc6\" data-id=\"77e2dc6\" data-element_type=\"column\" data-e-type=\"column\">\n\t\t\t<div class=\"elementor-widget-wrap elementor-element-populated\">\n\t\t\t\t\t\t<div class=\"elementor-element elementor-element-6ac187a elementor-widget elementor-widget-image\" data-id=\"6ac187a\" data-element_type=\"widget\" data-e-type=\"widget\" data-widget_type=\"image.default\">\n\t\t\t\t<div class=\"elementor-widget-container\">\n\t\t\t\t\t\t\t\t\t\t\t\t\t\t\t<img fetchpriority=\"high\" decoding=\"async\" width=\"346\" height=\"205\" src=\"https:\/\/new.introlight.mx\/wp-content\/uploads\/2018\/06\/bracketcleaner.png\" class=\"attachment-large size-large wp-image-2588\" alt=\"\" srcset=\"https:\/\/new.introlight.mx\/wp-content\/uploads\/2018\/06\/bracketcleaner.png 346w, https:\/\/new.introlight.mx\/wp-content\/uploads\/2018\/06\/bracketcleaner-300x178.png 300w\" sizes=\"(max-width: 346px) 100vw, 346px\" \/>\t\t\t\t\t\t\t\t\t\t\t\t\t\t\t<\/div>\n\t\t\t\t<\/div>\n\t\t\t\t\t<\/div>\n\t\t<\/div>\n\t\t\t\t\t<\/div>\n\t\t<\/section>\n\t\t\t\t\t<\/div>\n\t\t<\/div>\n\t\t\t\t\t<\/div>\n\t\t<\/section>\n\t\t\t\t<section class=\"elementor-section elementor-top-section elementor-element elementor-element-a25ffea elementor-section-boxed elementor-section-height-default elementor-section-height-default\" data-id=\"a25ffea\" data-element_type=\"section\" data-e-type=\"section\" data-settings=\"{&quot;background_background&quot;:&quot;classic&quot;}\">\n\t\t\t\t\t\t<div class=\"elementor-container elementor-column-gap-default\">\n\t\t\t\t\t<div class=\"elementor-column elementor-col-100 elementor-top-column elementor-element elementor-element-aa2d897\" data-id=\"aa2d897\" data-element_type=\"column\" data-e-type=\"column\">\n\t\t\t<div class=\"elementor-widget-wrap elementor-element-populated\">\n\t\t\t\t\t\t<div class=\"elementor-element elementor-element-fbef10f elementor-widget elementor-widget-heading\" data-id=\"fbef10f\" data-element_type=\"widget\" data-e-type=\"widget\" data-widget_type=\"heading.default\">\n\t\t\t\t<div class=\"elementor-widget-container\">\n\t\t\t\t\t<h2 class=\"elementor-heading-title elementor-size-default\">VENTAJAS<\/h2>\t\t\t\t<\/div>\n\t\t\t\t<\/div>\n\t\t\t\t<section class=\"elementor-section elementor-inner-section elementor-element elementor-element-b587a0e elementor-section-boxed elementor-section-height-default elementor-section-height-default\" data-id=\"b587a0e\" data-element_type=\"section\" data-e-type=\"section\">\n\t\t\t\t\t\t<div class=\"elementor-container elementor-column-gap-default\">\n\t\t\t\t\t<div class=\"elementor-column elementor-col-50 elementor-inner-column elementor-element elementor-element-967d0de\" data-id=\"967d0de\" data-element_type=\"column\" data-e-type=\"column\">\n\t\t\t<div class=\"elementor-widget-wrap elementor-element-populated\">\n\t\t\t\t\t\t<div class=\"elementor-element elementor-element-dbb9bbf elementor-widget elementor-widget-heading\" data-id=\"dbb9bbf\" data-element_type=\"widget\" data-e-type=\"widget\" data-widget_type=\"heading.default\">\n\t\t\t\t<div class=\"elementor-widget-container\">\n\t\t\t\t\t<h4 class=\"elementor-heading-title elementor-size-default\"><br><span style=\"font-size: 17.6px;font-weight: 400;text-align: justify;white-space: normal\">Limpieza en menos de 15 segundos.&nbsp;<\/span><br><br><span style=\"font-size: 17.6px;font-weight: 400;text-align: justify;white-space: normal\">Aumenta m\u00e1s de un 50% la retenci\u00f3n mec\u00e1nica del bracket ya que genera un micro grabado en la malla.<\/span><br style=\"margin: 0px;padding: 0px;font-size: 17.6px;font-weight: 400;text-align: justify;white-space: normal\"><br style=\"margin: 0px;padding: 0px;font-size: 17.6px;font-weight: 400;text-align: justify;white-space: normal\"><span style=\"font-size: 17.6px;font-weight: 400;text-align: justify;white-space: normal\">Los Brackets, tubos y botones no pierden su brillo original.<\/span><br style=\"margin: 0px;padding: 0px;font-size: 17.6px;font-weight: 400;text-align: justify;white-space: normal\"><br style=\"margin: 0px;padding: 0px;font-size: 17.6px;font-weight: 400;text-align: justify;white-space: normal\"><span style=\"font-size: 17.6px;font-weight: 400;text-align: justify;white-space: normal\">Se conecta a la unidad dental con una presi\u00f3n de 35 a 45 libras de aire.<\/span><br style=\"margin: 0px;padding: 0px;font-size: 17.6px;font-weight: 400;text-align: justify;white-space: normal\"><br style=\"margin: 0px;padding: 0px;font-size: 17.6px;font-weight: 400;text-align: justify;white-space: normal\"><span style=\"font-size: 17.6px;font-weight: 400;text-align: justify;white-space: normal\">Es un equipo herm\u00e9tico y compacto.<\/span><br style=\"margin: 0px;padding: 0px;font-size: 17.6px;font-weight: 400;text-align: justify;white-space: normal\"><br style=\"margin: 0px;padding: 0px;font-size: 17.6px;font-weight: 400;text-align: justify;white-space: normal\"><span style=\"text-align: justify\"><font color=\"#ffffff\" face=\"Segoe, Segoe UI\"><span style=\"font-size: 17.6px;font-weight: 400;white-space: normal\">De f\u00e1cil mantenimiento sin necesidad de la asistencia de un t\u00e9cnico&nbsp;de Introlight.<\/span><\/font><\/span><br style=\"margin: 0px;padding: 0px;font-size: 17.6px;font-weight: 400;text-align: justify;white-space: normal\"><\/h4>\t\t\t\t<\/div>\n\t\t\t\t<\/div>\n\t\t\t\t\t<\/div>\n\t\t<\/div>\n\t\t\t\t<div class=\"elementor-column elementor-col-50 elementor-inner-column elementor-element elementor-element-9b3acd6\" data-id=\"9b3acd6\" data-element_type=\"column\" data-e-type=\"column\">\n\t\t\t<div class=\"elementor-widget-wrap elementor-element-populated\">\n\t\t\t\t\t\t<div class=\"elementor-element elementor-element-970a204 elementor-widget elementor-widget-image\" data-id=\"970a204\" data-element_type=\"widget\" data-e-type=\"widget\" data-widget_type=\"image.default\">\n\t\t\t\t<div class=\"elementor-widget-container\">\n\t\t\t\t\t\t\t\t\t\t\t\t\t\t\t<img decoding=\"async\" data-src=\"https:\/\/new.introlight.mx\/wp-content\/uploads\/elementor\/thumbs\/bracketparts-nra4kaqqssrovai7v4fzeqbf00ls4080mr9atayvts.jpg\" title=\"bracketparts\" alt=\"bracketparts\" src=\"data:image\/svg+xml;base64,PHN2ZyB3aWR0aD0iMSIgaGVpZ2h0PSIxIiB4bWxucz0iaHR0cDovL3d3dy53My5vcmcvMjAwMC9zdmciPjwvc3ZnPg==\" class=\"lazyload\" style=\"--smush-placeholder-width: 400px; --smush-placeholder-aspect-ratio: 400\/400;\" \/>\t\t\t\t\t\t\t\t\t\t\t\t\t\t\t<\/div>\n\t\t\t\t<\/div>\n\t\t\t\t\t<\/div>\n\t\t<\/div>\n\t\t\t\t\t<\/div>\n\t\t<\/section>\n\t\t\t\t\t<\/div>\n\t\t<\/div>\n\t\t\t\t\t<\/div>\n\t\t<\/section>\n\t\t\t\t<section class=\"elementor-section elementor-top-section elementor-element elementor-element-9e6328f elementor-section-boxed elementor-section-height-default elementor-section-height-default\" data-id=\"9e6328f\" data-element_type=\"section\" data-e-type=\"section\">\n\t\t\t\t\t\t<div class=\"elementor-container elementor-column-gap-default\">\n\t\t\t\t\t<div class=\"elementor-column elementor-col-100 elementor-top-column elementor-element elementor-element-1db2159\" data-id=\"1db2159\" data-element_type=\"column\" data-e-type=\"column\">\n\t\t\t<div class=\"elementor-widget-wrap elementor-element-populated\">\n\t\t\t\t\t\t<div class=\"elementor-element elementor-element-16b24a4 elementor-widget elementor-widget-spacer\" data-id=\"16b24a4\" data-element_type=\"widget\" data-e-type=\"widget\" data-widget_type=\"spacer.default\">\n\t\t\t\t<div class=\"elementor-widget-container\">\n\t\t\t\t\t\t\t<div class=\"elementor-spacer\">\n\t\t\t<div class=\"elementor-spacer-inner\"><\/div>\n\t\t<\/div>\n\t\t\t\t\t\t<\/div>\n\t\t\t\t<\/div>\n\t\t\t\t<div class=\"elementor-element elementor-element-faa7bcf elementor-widget elementor-widget-heading\" data-id=\"faa7bcf\" data-element_type=\"widget\" data-e-type=\"widget\" data-widget_type=\"heading.default\">\n\t\t\t\t<div class=\"elementor-widget-container\">\n\t\t\t\t\t<h1 class=\"elementor-heading-title elementor-size-default\">VIDEOS<\/h1>\t\t\t\t<\/div>\n\t\t\t\t<\/div>\n\t\t\t\t\t<\/div>\n\t\t<\/div>\n\t\t\t\t\t<\/div>\n\t\t<\/section>\n\t\t\t\t<section class=\"elementor-section elementor-top-section elementor-element elementor-element-ebd4763 elementor-section-boxed elementor-section-height-default elementor-section-height-default\" data-id=\"ebd4763\" data-element_type=\"section\" data-e-type=\"section\">\n\t\t\t\t\t\t<div class=\"elementor-container elementor-column-gap-default\">\n\t\t\t\t\t<div class=\"elementor-column elementor-col-100 elementor-top-column elementor-element elementor-element-7d42f78\" data-id=\"7d42f78\" data-element_type=\"column\" data-e-type=\"column\">\n\t\t\t<div class=\"elementor-widget-wrap elementor-element-populated\">\n\t\t\t\t\t\t<section class=\"elementor-section elementor-inner-section elementor-element elementor-element-1be84b1 elementor-section-boxed elementor-section-height-default elementor-section-height-default\" data-id=\"1be84b1\" data-element_type=\"section\" data-e-type=\"section\">\n\t\t\t\t\t\t<div class=\"elementor-container elementor-column-gap-default\">\n\t\t\t\t\t<div class=\"elementor-column elementor-col-50 elementor-inner-column elementor-element elementor-element-c17065c\" data-id=\"c17065c\" data-element_type=\"column\" data-e-type=\"column\">\n\t\t\t<div class=\"elementor-widget-wrap elementor-element-populated\">\n\t\t\t\t\t\t<div class=\"elementor-element elementor-element-8a9f916 elementor-widget elementor-widget-heading\" data-id=\"8a9f916\" data-element_type=\"widget\" data-e-type=\"widget\" data-widget_type=\"heading.default\">\n\t\t\t\t<div class=\"elementor-widget-container\">\n\t\t\t\t\t<h2 class=\"elementor-heading-title elementor-size-default\">PRESENTACI\u00d3N<\/h2>\t\t\t\t<\/div>\n\t\t\t\t<\/div>\n\t\t\t\t<div class=\"elementor-element elementor-element-c731ef8 elementor-widget elementor-widget-video\" data-id=\"c731ef8\" data-element_type=\"widget\" data-e-type=\"widget\" data-settings=\"{&quot;youtube_url&quot;:&quot;https:\\\/\\\/youtu.be\\\/I9l18jjHhis&quot;,&quot;video_type&quot;:&quot;youtube&quot;,&quot;controls&quot;:&quot;yes&quot;}\" data-widget_type=\"video.default\">\n\t\t\t\t<div class=\"elementor-widget-container\">\n\t\t\t\t\t\t\t<div class=\"elementor-wrapper elementor-open-inline\">\n\t\t\t<div class=\"elementor-video\"><\/div>\t\t<\/div>\n\t\t\t\t\t\t<\/div>\n\t\t\t\t<\/div>\n\t\t\t\t\t<\/div>\n\t\t<\/div>\n\t\t\t\t<div class=\"elementor-column elementor-col-50 elementor-inner-column elementor-element elementor-element-b43e6df\" data-id=\"b43e6df\" data-element_type=\"column\" data-e-type=\"column\">\n\t\t\t<div class=\"elementor-widget-wrap elementor-element-populated\">\n\t\t\t\t\t\t<div class=\"elementor-element elementor-element-4a0e991 elementor-widget elementor-widget-heading\" data-id=\"4a0e991\" data-element_type=\"widget\" data-e-type=\"widget\" data-widget_type=\"heading.default\">\n\t\t\t\t<div class=\"elementor-widget-container\">\n\t\t\t\t\t<h2 class=\"elementor-heading-title elementor-size-default\">INSTALACI\u00d3N<\/h2>\t\t\t\t<\/div>\n\t\t\t\t<\/div>\n\t\t\t\t<div class=\"elementor-element elementor-element-0708b8a elementor-widget elementor-widget-video\" data-id=\"0708b8a\" data-element_type=\"widget\" data-e-type=\"widget\" data-settings=\"{&quot;youtube_url&quot;:&quot;https:\\\/\\\/youtu.be\\\/vjKMXEE7Obw&quot;,&quot;video_type&quot;:&quot;youtube&quot;,&quot;controls&quot;:&quot;yes&quot;}\" data-widget_type=\"video.default\">\n\t\t\t\t<div class=\"elementor-widget-container\">\n\t\t\t\t\t\t\t<div class=\"elementor-wrapper elementor-open-inline\">\n\t\t\t<div class=\"elementor-video\"><\/div>\t\t<\/div>\n\t\t\t\t\t\t<\/div>\n\t\t\t\t<\/div>\n\t\t\t\t\t<\/div>\n\t\t<\/div>\n\t\t\t\t\t<\/div>\n\t\t<\/section>\n\t\t\t\t\t<\/div>\n\t\t<\/div>\n\t\t\t\t\t<\/div>\n\t\t<\/section>\n\t\t\t\t<section class=\"elementor-section elementor-top-section elementor-element elementor-element-2e24540 elementor-section-boxed elementor-section-height-default elementor-section-height-default\" data-id=\"2e24540\" data-element_type=\"section\" data-e-type=\"section\">\n\t\t\t\t\t\t<div class=\"elementor-container elementor-column-gap-default\">\n\t\t\t\t\t<div class=\"elementor-column elementor-col-100 elementor-top-column elementor-element elementor-element-c447840\" data-id=\"c447840\" data-element_type=\"column\" data-e-type=\"column\">\n\t\t\t<div class=\"elementor-widget-wrap\">\n\t\t\t\t\t\t\t<\/div>\n\t\t<\/div>\n\t\t\t\t\t<\/div>\n\t\t<\/section>\n\t\t\t\t<section class=\"elementor-section elementor-top-section elementor-element elementor-element-288ed05 elementor-section-boxed elementor-section-height-default elementor-section-height-default\" data-id=\"288ed05\" data-element_type=\"section\" data-e-type=\"section\">\n\t\t\t\t\t\t<div class=\"elementor-container elementor-column-gap-default\">\n\t\t\t\t\t<div class=\"elementor-column elementor-col-100 elementor-top-column elementor-element elementor-element-f169edf\" data-id=\"f169edf\" data-element_type=\"column\" data-e-type=\"column\">\n\t\t\t<div class=\"elementor-widget-wrap\">\n\t\t\t\t\t\t\t<\/div>\n\t\t<\/div>\n\t\t\t\t\t<\/div>\n\t\t<\/section>\n\t\t\t\t<section class=\"elementor-section elementor-top-section elementor-element elementor-element-40b135a elementor-section-boxed elementor-section-height-default elementor-section-height-default\" data-id=\"40b135a\" data-element_type=\"section\" data-e-type=\"section\">\n\t\t\t\t\t\t<div class=\"elementor-container elementor-column-gap-default\">\n\t\t\t\t\t<div class=\"elementor-column elementor-col-100 elementor-top-column elementor-element elementor-element-3e7eaed\" data-id=\"3e7eaed\" data-element_type=\"column\" data-e-type=\"column\">\n\t\t\t<div class=\"elementor-widget-wrap\">\n\t\t\t\t\t\t\t<\/div>\n\t\t<\/div>\n\t\t\t\t\t<\/div>\n\t\t<\/section>\n\t\t\t\t<section class=\"elementor-section elementor-top-section elementor-element elementor-element-d4415ba elementor-section-boxed elementor-section-height-default elementor-section-height-default\" data-id=\"d4415ba\" data-element_type=\"section\" data-e-type=\"section\">\n\t\t\t\t\t\t<div class=\"elementor-container elementor-column-gap-default\">\n\t\t\t\t\t<div class=\"elementor-column elementor-col-100 elementor-top-column elementor-element elementor-element-e7da757\" data-id=\"e7da757\" data-element_type=\"column\" data-e-type=\"column\">\n\t\t\t<div class=\"elementor-widget-wrap\">\n\t\t\t\t\t\t\t<\/div>\n\t\t<\/div>\n\t\t\t\t\t<\/div>\n\t\t<\/section>\n\t\t\t\t<\/div>\n\t\t","protected":false},"excerpt":{"rendered":"<p>\u00bfQUE ES BRACKET CLEANER? Es un equipo pensado para reacondicionar correctamente un BracketLimpia con oxido de aluminio brackets met\u00e1licos o cer\u00e1micos, tubos y botones, con la facilidad de reutilizarlos inmediatamente.Retira toda la resina que tiene el bracket encima, dentro y por detr\u00e1s de la malla. VENTAJAS Limpieza en menos de 15 segundos.&nbsp; Aumenta m\u00e1s de [&hellip;]<\/p>\n","protected":false},"author":563447,"featured_media":0,"parent":0,"menu_order":0,"comment_status":"closed","ping_status":"closed","template":"","meta":{"_joinchat":[],"footnotes":""},"class_list":["post-980","page","type-page","status-publish","hentry"],"aioseo_notices":[],"_links":{"self":[{"href":"https:\/\/new.introlight.mx\/index.php?rest_route=\/wp\/v2\/pages\/980","targetHints":{"allow":["GET"]}}],"collection":[{"href":"https:\/\/new.introlight.mx\/index.php?rest_route=\/wp\/v2\/pages"}],"about":[{"href":"https:\/\/new.introlight.mx\/index.php?rest_route=\/wp\/v2\/types\/page"}],"author":[{"embeddable":true,"href":"https:\/\/new.introlight.mx\/index.php?rest_route=\/wp\/v2\/users\/563447"}],"replies":[{"embeddable":true,"href":"https:\/\/new.introlight.mx\/index.php?rest_route=%2Fwp%2Fv2%2Fcomments&post=980"}],"version-history":[{"count":5,"href":"https:\/\/new.introlight.mx\/index.php?rest_route=\/wp\/v2\/pages\/980\/revisions"}],"predecessor-version":[{"id":12907,"href":"https:\/\/new.introlight.mx\/index.php?rest_route=\/wp\/v2\/pages\/980\/revisions\/12907"}],"wp:attachment":[{"href":"https:\/\/new.introlight.mx\/index.php?rest_route=%2Fwp%2Fv2%2Fmedia&parent=980"}],"curies":[{"name":"wp","href":"https:\/\/api.w.org\/{rel}","templated":true}]}}