{"id":14864,"date":"2025-08-27T01:46:30","date_gmt":"2025-08-27T01:46:30","guid":{"rendered":"https:\/\/new.introlight.mx\/?page_id=14864"},"modified":"2025-08-27T01:46:32","modified_gmt":"2025-08-27T01:46:32","slug":"articulo-introlight-dental-tribune","status":"publish","type":"page","link":"https:\/\/new.introlight.mx\/?page_id=14864","title":{"rendered":"Articulo Introlight Dental Tribune"},"content":{"rendered":"\t\t<div data-elementor-type=\"wp-page\" data-elementor-id=\"14864\" class=\"elementor elementor-14864\">\n\t\t\t\t\t\t<section class=\"elementor-section elementor-top-section elementor-element elementor-element-0c5321d elementor-section-boxed elementor-section-height-default elementor-section-height-default\" data-id=\"0c5321d\" data-element_type=\"section\" data-e-type=\"section\">\n\t\t\t\t\t\t<div class=\"elementor-container elementor-column-gap-default\">\n\t\t\t\t\t<div class=\"elementor-column elementor-col-100 elementor-top-column elementor-element elementor-element-ebf5942\" data-id=\"ebf5942\" data-element_type=\"column\" data-e-type=\"column\">\n\t\t\t<div class=\"elementor-widget-wrap elementor-element-populated\">\n\t\t\t\t\t\t<div class=\"elementor-element elementor-element-44319be elementor-widget elementor-widget-spacer\" data-id=\"44319be\" data-element_type=\"widget\" data-e-type=\"widget\" data-widget_type=\"spacer.default\">\n\t\t\t\t<div class=\"elementor-widget-container\">\n\t\t\t\t\t\t\t<div class=\"elementor-spacer\">\n\t\t\t<div class=\"elementor-spacer-inner\"><\/div>\n\t\t<\/div>\n\t\t\t\t\t\t<\/div>\n\t\t\t\t<\/div>\n\t\t\t\t\t<\/div>\n\t\t<\/div>\n\t\t\t\t\t<\/div>\n\t\t<\/section>\n\t\t\t\t<section class=\"elementor-section elementor-top-section elementor-element elementor-element-c9a9bac elementor-section-boxed elementor-section-height-default elementor-section-height-default\" data-id=\"c9a9bac\" data-element_type=\"section\" data-e-type=\"section\">\n\t\t\t\t\t\t<div class=\"elementor-container elementor-column-gap-default\">\n\t\t\t\t\t<div class=\"elementor-column elementor-col-100 elementor-top-column elementor-element elementor-element-3020d6a\" data-id=\"3020d6a\" data-element_type=\"column\" data-e-type=\"column\">\n\t\t\t<div class=\"elementor-widget-wrap elementor-element-populated\">\n\t\t\t\t\t\t<div class=\"elementor-element elementor-element-9630a9b elementor-widget elementor-widget-image\" data-id=\"9630a9b\" data-element_type=\"widget\" data-e-type=\"widget\" data-widget_type=\"image.default\">\n\t\t\t\t<div class=\"elementor-widget-container\">\n\t\t\t\t\t\t\t\t\t\t\t\t\t\t\t\t<a href=\"https:\/\/new.introlight.mx\/\">\n\t\t\t\t\t\t\t<img fetchpriority=\"high\" decoding=\"async\" width=\"768\" height=\"90\" src=\"https:\/\/new.introlight.mx\/wp-content\/uploads\/2025\/08\/logo-768x90.png\" class=\"attachment-medium_large size-medium_large wp-image-14846\" alt=\"\" srcset=\"https:\/\/new.introlight.mx\/wp-content\/uploads\/2025\/08\/logo-768x90.png 768w, https:\/\/new.introlight.mx\/wp-content\/uploads\/2025\/08\/logo-300x35.png 300w, https:\/\/new.introlight.mx\/wp-content\/uploads\/2025\/08\/logo-1024x120.png 1024w, https:\/\/new.introlight.mx\/wp-content\/uploads\/2025\/08\/logo.png 1096w\" sizes=\"(max-width: 768px) 100vw, 768px\" \/>\t\t\t\t\t\t\t\t<\/a>\n\t\t\t\t\t\t\t\t\t\t\t\t\t\t\t<\/div>\n\t\t\t\t<\/div>\n\t\t\t\t<div class=\"elementor-element elementor-element-4366ced elementor-widget elementor-widget-image\" data-id=\"4366ced\" data-element_type=\"widget\" data-e-type=\"widget\" data-widget_type=\"image.default\">\n\t\t\t\t<div class=\"elementor-widget-container\">\n\t\t\t\t\t\t\t\t\t\t\t\t\t\t\t\t<a href=\"https:\/\/new.introlight.mx\/\">\n\t\t\t\t\t\t\t<img decoding=\"async\" width=\"580\" height=\"31\" data-src=\"https:\/\/new.introlight.mx\/wp-content\/uploads\/2025\/08\/ban.jpg\" class=\"attachment-medium_large size-medium_large wp-image-14848 lazyload\" alt=\"\" data-srcset=\"https:\/\/new.introlight.mx\/wp-content\/uploads\/2025\/08\/ban.jpg 580w, https:\/\/new.introlight.mx\/wp-content\/uploads\/2025\/08\/ban-300x16.jpg 300w\" data-sizes=\"(max-width: 580px) 100vw, 580px\" src=\"data:image\/svg+xml;base64,PHN2ZyB3aWR0aD0iMSIgaGVpZ2h0PSIxIiB4bWxucz0iaHR0cDovL3d3dy53My5vcmcvMjAwMC9zdmciPjwvc3ZnPg==\" style=\"--smush-placeholder-width: 580px; --smush-placeholder-aspect-ratio: 580\/31;\" \/>\t\t\t\t\t\t\t\t<\/a>\n\t\t\t\t\t\t\t\t\t\t\t\t\t\t\t<\/div>\n\t\t\t\t<\/div>\n\t\t\t\t\t<\/div>\n\t\t<\/div>\n\t\t\t\t\t<\/div>\n\t\t<\/section>\n\t\t\t\t<section class=\"elementor-section elementor-top-section elementor-element elementor-element-a30d367 elementor-section-boxed elementor-section-height-default elementor-section-height-default\" data-id=\"a30d367\" data-element_type=\"section\" data-e-type=\"section\">\n\t\t\t\t\t\t<div class=\"elementor-container elementor-column-gap-default\">\n\t\t\t\t\t<div class=\"elementor-column elementor-col-100 elementor-top-column elementor-element elementor-element-2ab8f0a\" data-id=\"2ab8f0a\" data-element_type=\"column\" data-e-type=\"column\">\n\t\t\t<div class=\"elementor-widget-wrap elementor-element-populated\">\n\t\t\t\t\t\t<div class=\"elementor-element elementor-element-4fce078 elementor-widget elementor-widget-spacer\" data-id=\"4fce078\" data-element_type=\"widget\" data-e-type=\"widget\" data-widget_type=\"spacer.default\">\n\t\t\t\t<div class=\"elementor-widget-container\">\n\t\t\t\t\t\t\t<div class=\"elementor-spacer\">\n\t\t\t<div class=\"elementor-spacer-inner\"><\/div>\n\t\t<\/div>\n\t\t\t\t\t\t<\/div>\n\t\t\t\t<\/div>\n\t\t\t\t<div class=\"elementor-element elementor-element-8e9dfbb elementor-widget elementor-widget-heading\" data-id=\"8e9dfbb\" data-element_type=\"widget\" data-e-type=\"widget\" data-widget_type=\"heading.default\">\n\t\t\t\t<div class=\"elementor-widget-container\">\n\t\t\t\t\t<h2 class=\"elementor-heading-title elementor-size-default\">El l\u00e1ser Goliat pone a M\u00e9xico en el mapa de la innovaci\u00f3n tecnol\u00f3gica\n<\/h2>\t\t\t\t<\/div>\n\t\t\t\t<\/div>\n\t\t\t\t\t<\/div>\n\t\t<\/div>\n\t\t\t\t\t<\/div>\n\t\t<\/section>\n\t\t\t\t<section class=\"elementor-section elementor-top-section elementor-element elementor-element-82baf9e elementor-section-boxed elementor-section-height-default elementor-section-height-default\" data-id=\"82baf9e\" data-element_type=\"section\" data-e-type=\"section\">\n\t\t\t\t\t\t<div class=\"elementor-container elementor-column-gap-default\">\n\t\t\t\t\t<div class=\"elementor-column elementor-col-100 elementor-top-column elementor-element elementor-element-0b53096\" data-id=\"0b53096\" data-element_type=\"column\" data-e-type=\"column\">\n\t\t\t<div class=\"elementor-widget-wrap elementor-element-populated\">\n\t\t\t\t\t\t<div class=\"elementor-element elementor-element-c99859f elementor-widget elementor-widget-text-editor\" data-id=\"c99859f\" data-element_type=\"widget\" data-e-type=\"widget\" data-widget_type=\"text-editor.default\">\n\t\t\t\t<div class=\"elementor-widget-container\">\n\t\t\t\t\t\t\t\t\t<h4 style=\"text-align: left;\"><strong>La empresa Introlight SA de CV lanz\u00f3 en Expo AMIC Dental de noviembre de 2018 el primer y \u00fanico l\u00e1ser quir\u00fargico mexicano, llamado \u201cGoliat\u201d, desarrollo 100% mexicano que forma parte de una gran plataforma tecnol\u00f3gica escalable para el odont\u00f3logo dentro del mundo del l\u00e1ser.<\/strong><\/h4>\t\t\t\t\t\t\t\t<\/div>\n\t\t\t\t<\/div>\n\t\t\t\t<div class=\"elementor-element elementor-element-3e5cb9f elementor-widget elementor-widget-image\" data-id=\"3e5cb9f\" data-element_type=\"widget\" data-e-type=\"widget\" data-widget_type=\"image.default\">\n\t\t\t\t<div class=\"elementor-widget-container\">\n\t\t\t\t\t\t\t\t\t\t\t\t\t\t\t\t<a href=\"https:\/\/new.introlight.mx\/\">\n\t\t\t\t\t\t\t<img decoding=\"async\" width=\"771\" height=\"434\" data-src=\"https:\/\/new.introlight.mx\/wp-content\/uploads\/2025\/08\/imge.jpg\" class=\"attachment-large size-large wp-image-14847 lazyload\" alt=\"\" data-srcset=\"https:\/\/new.introlight.mx\/wp-content\/uploads\/2025\/08\/imge.jpg 771w, https:\/\/new.introlight.mx\/wp-content\/uploads\/2025\/08\/imge-300x169.jpg 300w, https:\/\/new.introlight.mx\/wp-content\/uploads\/2025\/08\/imge-768x432.jpg 768w\" data-sizes=\"(max-width: 771px) 100vw, 771px\" src=\"data:image\/svg+xml;base64,PHN2ZyB3aWR0aD0iMSIgaGVpZ2h0PSIxIiB4bWxucz0iaHR0cDovL3d3dy53My5vcmcvMjAwMC9zdmciPjwvc3ZnPg==\" style=\"--smush-placeholder-width: 771px; --smush-placeholder-aspect-ratio: 771\/434;\" \/>\t\t\t\t\t\t\t\t<\/a>\n\t\t\t\t\t\t\t\t\t\t\t\t\t\t\t<\/div>\n\t\t\t\t<\/div>\n\t\t\t\t<div class=\"elementor-element elementor-element-de2dfc4 elementor-widget elementor-widget-text-editor\" data-id=\"de2dfc4\" data-element_type=\"widget\" data-e-type=\"widget\" data-widget_type=\"text-editor.default\">\n\t\t\t\t<div class=\"elementor-widget-container\">\n\t\t\t\t\t\t\t\t\t<h4>El Dr. Enrique Fern\u00e1ndez del Busto, Director General de Introlight, coment\u00f3 que la empresa ha desarrollado toda una plataforma tecnol\u00f3gica dividida en 3 fases de equipos l\u00e1ser escalables.<\/h4><h4>El desarrollo de Goliat es la segunda fase de esta gran plataforma tecnol\u00f3gica y fue planeado desde el lanzamiento del l\u00e1ser E-Ter Terap\u00e9utico.<\/h4><h4>La Fase 1 comenz\u00f3 con el\u00a0<strong>E-Ter Terap\u00e9utico<\/strong>, desarrollado para que el odont\u00f3logo inicie en el mundo del l\u00e1ser, empezando con la baja potencia (650 y 808 nm) y todas sus aplicaciones, porque elconcepto del equipo es formativo. El profesional dentro del equipo encontrar\u00e1 400 art\u00edculos, glosario con m\u00e1s de 2,000 palabras, m\u00e1s de 150 videos relacionados con la terapia l\u00e1ser y un curso de laserterapia.<\/h4><h4>E-Ter Terap\u00e9utico cuenta con dos niveles de manipulaci\u00f3n: Nivel Principiante, con dosimetr\u00edas preestablecidas, y Nivel de Experto, con todos los valores editables. Este equipo brinda la base de conocimientos para poder utilizar un equipo de mayor envergadura como Goliat.<\/h4><h4>Goliat es la Fase 2 de esta gran plataforma tecnol\u00f3gica. Goliat es el equipo quir\u00fargico m\u00e1s vers\u00e1til a nivel mundial porque es el \u00fanico escalable hasta 5 longitudes de onda quir\u00fargicas seg\u00fan las necesidades cl\u00ednicas del usuario. Goliat cuenta con las dos longitudes de onda de E-Ter Terap\u00e9utico (650 y 808nm) y la 940 quir\u00fargica y, a partir de ah\u00ed, el doctor puede escalar su equipo y adicionar hasta 4 longitudes quir\u00fargicas m\u00e1s a su elecci\u00f3n.<\/h4><h4>Estos atributos hacen que Goliat pueda tener hasta 7 longitudes de onda con diferentes prop\u00f3sitos, ya que no existe un l\u00e1ser para todos los tratamientos o tejidos. Hay l\u00e1seres espec\u00edficos para tratamientos y tejidos espec\u00edficos y con la versatilidad de Goliat el usuario puede tener una gran variedad de l\u00e1seres en un mismo equipo.<\/h4><h4>Goliat, que es un equipo f\u00e1cil y amigable de utilizar, sigue el mismo concepto formativo, brindando el material necesario para que el profesional pueda investigar m\u00e1s sobre todo el potencial terap\u00e9utico y quir\u00fargico que ofrece el l\u00e1ser.<\/h4><h4>La eficacia de un l\u00e1ser no solo radica en el tipo de l\u00e1ser (longitud de onda y potencia); tambi\u00e9n radica en poder aplicar la energ\u00eda generada de manera correcta en el lugar correcto, lo que se logra por medio de las puntas de aplicaci\u00f3n adecuadas. En este punto, Goliat tambi\u00e9n supera lo que actualmente hay en el mercado: hoy en d\u00eda el usuario solo puede escoger entre tres di\u00e1metros de puntas quir\u00fargicas. Con Goliat, el usuario cuenta con 6 di\u00e1metros adem\u00e1s de una gran gama de aditamentos,no solo parael mercado dental sino tambi\u00e9npara la medicina en general.<\/h4><h4>Es ah\u00ed donde radica la versatilidad de Goliat: el profesional puede elegir la longitud de onda adecuada para su pr\u00e1ctica, as\u00ed como las puntas y perif\u00e9ricos ideales para cada tratamiento. Esto hace de Goliat el \u00fanico l\u00e1ser \u00abon demand\u00bb a nivel mundial.<strong>\u00a0<\/strong><\/h4><h4>La Lic. Nayeli Garc\u00eda, Directora de Mercadotecnia y Ventas, manifest\u00f3 que \u00abGrupo Introlight est\u00e1 sumamente orgulloso por el lanzamiento Goliat, ya que este producto pone en alto a M\u00e9xico dentro del desarrollo tecnol\u00f3gico de punta, por ser el \u00fanico l\u00e1ser desarrollado en M\u00e9xico, fabricado en M\u00e9xico y que supera a cualquier l\u00e1ser existente a nivel mundial\u00bb.<\/h4><h4>Goliat hace referencia a un soldado b\u00edblico que se distingu\u00eda porque era extraordinariamente alto para la media. El nombre de Goliat para Introlight es el que rompe los est\u00e1ndares actuales de equipos l\u00e1ser quir\u00fargico de tejidos blandos. Su potencial tecnol\u00f3gico es un parteaguas para toda la medicina.<\/h4><h4>Una vez terminada las tres fases, Introlight se convertir\u00e1 en una compa\u00f1\u00eda mexicana que cuenta con una familia completa de l\u00e1seres, con aplicaciones en todos los niveles de la medicina sin excepci\u00f3n.<\/h4>\t\t\t\t\t\t\t\t<\/div>\n\t\t\t\t<\/div>\n\t\t\t\t<div class=\"elementor-element elementor-element-19eec2a elementor-widget elementor-widget-heading\" data-id=\"19eec2a\" data-element_type=\"widget\" data-e-type=\"widget\" data-widget_type=\"heading.default\">\n\t\t\t\t<div class=\"elementor-widget-container\">\n\t\t\t\t\t<h2 class=\"elementor-heading-title elementor-size-default\">Testimonios de usuarios del l\u00e1ser\n<\/h2>\t\t\t\t<\/div>\n\t\t\t\t<\/div>\n\t\t\t\t<div class=\"elementor-element elementor-element-a828e72 elementor-widget elementor-widget-text-editor\" data-id=\"a828e72\" data-element_type=\"widget\" data-e-type=\"widget\" data-widget_type=\"text-editor.default\">\n\t\t\t\t<div class=\"elementor-widget-container\">\n\t\t\t\t\t\t\t\t\t<h4><strong>Una herramienta indispensable<\/strong><\/h4><h4>Hace dos a\u00f1os implement\u00e9 el uso del l\u00e1ser quir\u00fargico en mi pr\u00e1ctica cl\u00ednica y hace ocho meses complement\u00e9 la terapia del tratamiento periodontal con el l\u00e1ser terap\u00e9utico. La adquisi\u00f3n de este equipo ha mejorado los resultados en los tratamientos periodontales que realizo. Es una terapia no invasiva que acorta el tiempo de recuperaci\u00f3n, con efectos antiinflamatorios, analg\u00e9sicos y bioestimuladores. El l\u00e1ser E-Ter tiene una muy buena tecnolog\u00eda y amigable con el operador. Es una herramienta indispensable para la terapia periodontal actual. &#8212;\u00a0<em>Dr. Carlos Cruz Botr\u00e1n, Periodoncista, Guatemala<\/em><\/h4><h4><strong>La tecnolog\u00eda m\u00e1s revolucionaria<\/strong><\/h4><h4>Desde que conoc\u00ed el l\u00e1ser en sus diferentes longitudes de onda y sus ventajas en fotobioestimulaci\u00f3n, acelerando la cicatrizaci\u00f3n y utilizando menos medicamentos, mejor\u00f3 exponencialmente mi pr\u00e1ctica cl\u00ednica, y con Goliat tengo 3 l\u00e1seres en un solo equipo. El l\u00e1ser es la tecnolog\u00eda m\u00e1s revolucionaria de los \u00faltimos a\u00f1os, es la mejor herramienta que todo odont\u00f3logo necesita en su consultorio. Con Goliat, al combinar 3 longitudes de onda es como tener 3 tipos de l\u00e1seres con todas sus ventajas en un solo equipo, lo que nos da una soluci\u00f3n muy accesible a la pr\u00e1ctica cl\u00ednica diaria. &#8212;\u00a0<em>Dr. Ludwing Garc\u00eda, Mastership Laser, Alemania,\u00a0<\/em><em>Presidente Asociaci\u00f3n de L\u00e1ser de Guatemala &#8211; AOLG.<\/em><\/h4>\t\t\t\t\t\t\t\t<\/div>\n\t\t\t\t<\/div>\n\t\t\t\t\t<\/div>\n\t\t<\/div>\n\t\t\t\t\t<\/div>\n\t\t<\/section>\n\t\t\t\t<section class=\"elementor-section elementor-top-section elementor-element elementor-element-ffe5fd6 elementor-section-boxed elementor-section-height-default elementor-section-height-default\" data-id=\"ffe5fd6\" data-element_type=\"section\" data-e-type=\"section\">\n\t\t\t\t\t\t<div class=\"elementor-container elementor-column-gap-default\">\n\t\t\t\t\t<div class=\"elementor-column elementor-col-100 elementor-top-column elementor-element elementor-element-78a1d75\" data-id=\"78a1d75\" data-element_type=\"column\" data-e-type=\"column\">\n\t\t\t<div class=\"elementor-widget-wrap elementor-element-populated\">\n\t\t\t\t\t\t<div class=\"elementor-element elementor-element-a07509c elementor-widget elementor-widget-spacer\" data-id=\"a07509c\" data-element_type=\"widget\" data-e-type=\"widget\" data-widget_type=\"spacer.default\">\n\t\t\t\t<div class=\"elementor-widget-container\">\n\t\t\t\t\t\t\t<div class=\"elementor-spacer\">\n\t\t\t<div class=\"elementor-spacer-inner\"><\/div>\n\t\t<\/div>\n\t\t\t\t\t\t<\/div>\n\t\t\t\t<\/div>\n\t\t\t\t\t<\/div>\n\t\t<\/div>\n\t\t\t\t\t<\/div>\n\t\t<\/section>\n\t\t\t\t<section class=\"elementor-section elementor-top-section elementor-element elementor-element-696343a elementor-section-full_width elementor-section-height-default elementor-section-height-default\" data-id=\"696343a\" data-element_type=\"section\" data-e-type=\"section\" data-settings=\"{&quot;background_background&quot;:&quot;classic&quot;}\">\n\t\t\t\t\t\t<div class=\"elementor-container elementor-column-gap-default\">\n\t\t\t\t\t<div class=\"elementor-column elementor-col-100 elementor-top-column elementor-element elementor-element-0979e21\" data-id=\"0979e21\" data-element_type=\"column\" data-e-type=\"column\">\n\t\t\t<div class=\"elementor-widget-wrap elementor-element-populated\">\n\t\t\t\t\t\t<div class=\"elementor-element elementor-element-179a877 elementor-widget elementor-widget-spacer\" data-id=\"179a877\" data-element_type=\"widget\" data-e-type=\"widget\" data-widget_type=\"spacer.default\">\n\t\t\t\t<div class=\"elementor-widget-container\">\n\t\t\t\t\t\t\t<div class=\"elementor-spacer\">\n\t\t\t<div class=\"elementor-spacer-inner\"><\/div>\n\t\t<\/div>\n\t\t\t\t\t\t<\/div>\n\t\t\t\t<\/div>\n\t\t\t\t<div class=\"elementor-element elementor-element-2c9a18c elementor-widget elementor-widget-heading\" data-id=\"2c9a18c\" data-element_type=\"widget\" data-e-type=\"widget\" data-widget_type=\"heading.default\">\n\t\t\t\t<div class=\"elementor-widget-container\">\n\t\t\t\t\t<h3 class=\"elementor-heading-title elementor-size-default\">Suscr\u00edbete a Dental Tribune Latin America Newsletter<\/h3>\t\t\t\t<\/div>\n\t\t\t\t<\/div>\n\t\t\t\t<div class=\"elementor-element elementor-element-f0021d2 elementor-widget elementor-widget-spacer\" data-id=\"f0021d2\" data-element_type=\"widget\" data-e-type=\"widget\" data-widget_type=\"spacer.default\">\n\t\t\t\t<div class=\"elementor-widget-container\">\n\t\t\t\t\t\t\t<div class=\"elementor-spacer\">\n\t\t\t<div class=\"elementor-spacer-inner\"><\/div>\n\t\t<\/div>\n\t\t\t\t\t\t<\/div>\n\t\t\t\t<\/div>\n\t\t\t\t\t<\/div>\n\t\t<\/div>\n\t\t\t\t\t<\/div>\n\t\t<\/section>\n\t\t\t\t<section class=\"elementor-section elementor-top-section elementor-element elementor-element-bbc947e elementor-section-boxed elementor-section-height-default elementor-section-height-default\" data-id=\"bbc947e\" data-element_type=\"section\" data-e-type=\"section\">\n\t\t\t\t\t\t<div class=\"elementor-container elementor-column-gap-default\">\n\t\t\t\t\t<div class=\"elementor-column elementor-col-100 elementor-top-column elementor-element elementor-element-92defc1\" data-id=\"92defc1\" data-element_type=\"column\" data-e-type=\"column\">\n\t\t\t<div class=\"elementor-widget-wrap\">\n\t\t\t\t\t\t\t<\/div>\n\t\t<\/div>\n\t\t\t\t\t<\/div>\n\t\t<\/section>\n\t\t\t\t<section class=\"elementor-section elementor-top-section elementor-element elementor-element-b0e374c elementor-section-boxed elementor-section-height-default elementor-section-height-default\" data-id=\"b0e374c\" data-element_type=\"section\" data-e-type=\"section\">\n\t\t\t\t\t\t<div class=\"elementor-container elementor-column-gap-default\">\n\t\t\t\t\t<div class=\"elementor-column elementor-col-100 elementor-top-column elementor-element elementor-element-a96ca97\" data-id=\"a96ca97\" data-element_type=\"column\" data-e-type=\"column\">\n\t\t\t<div class=\"elementor-widget-wrap elementor-element-populated\">\n\t\t\t\t\t\t<div class=\"elementor-element elementor-element-251f3a0 elementor-widget elementor-widget-maxmegamenu\" data-id=\"251f3a0\" data-element_type=\"widget\" data-e-type=\"widget\" data-widget_type=\"maxmegamenu.default\">\n\t\t\t\t<div class=\"elementor-widget-container\">\n\t\t\t\t\t<div id=\"mega-menu-wrap-primary\" class=\"mega-menu-wrap\"><div class=\"mega-menu-toggle\"><div class=\"mega-toggle-blocks-left\"><div class='mega-toggle-block mega-spacer-block mega-toggle-block-1' id='mega-toggle-block-1'><\/div><\/div><div class=\"mega-toggle-blocks-center\"><\/div><div class=\"mega-toggle-blocks-right\"><\/div><\/div><ul id=\"mega-menu-primary\" class=\"mega-menu max-mega-menu mega-menu-horizontal mega-no-js\" data-event=\"hover\" data-effect=\"fade_up\" data-effect-speed=\"200\" data-effect-mobile=\"slide\" data-effect-speed-mobile=\"200\" data-mobile-force-width=\"false\" data-second-click=\"go\" data-document-click=\"collapse\" data-vertical-behaviour=\"standard\" data-breakpoint=\"1000\" data-unbind=\"true\" data-mobile-state=\"collapse_all\" data-mobile-direction=\"vertical\" data-hover-intent-timeout=\"300\" data-hover-intent-interval=\"100\"><li class=\"mega-menu-item mega-menu-item-type-post_type mega-menu-item-object-page mega-menu-item-home mega-align-bottom-left mega-menu-flyout mega-menu-item-68\" id=\"mega-menu-item-68\"><a class=\"mega-menu-link\" href=\"https:\/\/new.introlight.mx\/\">Home<\/a><\/li><li class=\"mega-menu-item mega-menu-item-type-post_type mega-menu-item-object-page mega-align-bottom-left mega-menu-flyout mega-menu-item-69\" id=\"mega-menu-item-69\"><a class=\"mega-menu-link\" href=\"https:\/\/new.introlight.mx\/?page_id=8\">Quienes Somos<\/a><\/li><li class=\"mega-menu-item mega-menu-item-type-custom mega-menu-item-object-custom mega-menu-item-has-children mega-align-bottom-left mega-menu-flyout mega-menu-item-460\" id=\"mega-menu-item-460\"><a class=\"mega-menu-link\" href=\"#\" aria-expanded=\"false\" aria-controls=\"mega-sub-menu-460\">Productos<span class=\"mega-indicator\" aria-hidden=\"true\"><\/span><\/a>\n<ul class=\"mega-sub-menu\" id='mega-sub-menu-460'>\n<li class=\"mega-menu-item mega-menu-item-type-custom mega-menu-item-object-custom mega-menu-item-has-children mega-menu-item-6403\" id=\"mega-menu-item-6403\"><a class=\"mega-menu-link\" href=\"#\" aria-expanded=\"false\" aria-controls=\"mega-sub-menu-6403\">L\u00e1seres<span class=\"mega-indicator\" aria-hidden=\"true\"><\/span><\/a>\n\t<ul class=\"mega-sub-menu\" id='mega-sub-menu-6403'>\n<li class=\"mega-menu-item mega-menu-item-type-post_type mega-menu-item-object-page mega-menu-item-12624\" id=\"mega-menu-item-12624\"><a class=\"mega-menu-link\" href=\"https:\/\/new.introlight.mx\/?page_id=12555\">E-TER Entendiendo el L\u00c1SER y Dimensionando los BENEFICIOS<\/a><\/li><li class=\"mega-menu-item mega-menu-item-type-post_type mega-menu-item-object-page mega-menu-item-12659\" id=\"mega-menu-item-12659\"><a class=\"mega-menu-link\" href=\"https:\/\/new.introlight.mx\/?page_id=12631\">E-ter L\u00e1ser Terap\u00e9utico<\/a><\/li><li class=\"mega-menu-item mega-menu-item-type-post_type mega-menu-item-object-page mega-menu-item-12987\" id=\"mega-menu-item-12987\"><a class=\"mega-menu-link\" href=\"https:\/\/new.introlight.mx\/?page_id=12767\">Goliat Plus L\u00e1ser Quir\u00fargico-Terap\u00e9utico<\/a><\/li><li class=\"mega-menu-item mega-menu-item-type-custom mega-menu-item-object-custom mega-menu-item-14678\" id=\"mega-menu-item-14678\"><a class=\"mega-menu-link\" href=\"https:\/\/new.introlight.mx\/?page_id=14636\">Goliat Plua 450 de No contacto<\/a><\/li>\t<\/ul>\n<\/li><li class=\"mega-menu-item mega-menu-item-type-post_type mega-menu-item-object-page mega-menu-item-12972\" id=\"mega-menu-item-12972\"><a class=\"mega-menu-link\" href=\"https:\/\/new.introlight.mx\/?page_id=12906\">Bracket Cleaner<\/a><\/li><li class=\"mega-menu-item mega-menu-item-type-post_type mega-menu-item-object-page mega-menu-item-11139\" id=\"mega-menu-item-11139\"><a class=\"mega-menu-link\" href=\"https:\/\/new.introlight.mx\/?page_id=11111\">Color\u00edmetro Digital<\/a><\/li><\/ul>\n<\/li><li class=\"mega-menu-item mega-menu-item-type-post_type mega-menu-item-object-page mega-align-bottom-left mega-menu-flyout mega-menu-item-13632\" id=\"mega-menu-item-13632\"><a class=\"mega-menu-link\" href=\"https:\/\/new.introlight.mx\/?page_id=13566\">Casos Cl\u00ednicos, Testimoniales de Equipo y Cursos<\/a><\/li><li class=\"mega-menu-item mega-menu-item-type-post_type mega-menu-item-object-page mega-align-bottom-left mega-menu-flyout mega-menu-item-132\" id=\"mega-menu-item-132\"><a class=\"mega-menu-link\" href=\"https:\/\/new.introlight.mx\/?page_id=126\">Cursos<\/a><\/li><li class=\"mega-menu-item mega-menu-item-type-post_type mega-menu-item-object-page mega-align-bottom-left mega-menu-flyout mega-menu-item-12971\" id=\"mega-menu-item-12971\"><a class=\"mega-menu-link\" href=\"https:\/\/new.introlight.mx\/?page_id=12938\">Contacto<\/a><\/li><li class=\"mega-menu-item mega-menu-item-type-post_type mega-menu-item-object-page mega-align-bottom-left mega-menu-flyout mega-menu-item-12988\" id=\"mega-menu-item-12988\"><a class=\"mega-menu-link\" href=\"https:\/\/new.introlight.mx\/?page_id=12921\">Certificaciones de Calidad y Fabricaci\u00f3n<\/a><\/li><\/ul><\/div>\t\t\t\t<\/div>\n\t\t\t\t<\/div>\n\t\t\t\t\t<\/div>\n\t\t<\/div>\n\t\t\t\t\t<\/div>\n\t\t<\/section>\n\t\t\t\t<\/div>\n\t\t","protected":false},"excerpt":{"rendered":"<p>El l\u00e1ser Goliat pone a M\u00e9xico en el mapa de la innovaci\u00f3n tecnol\u00f3gica La empresa Introlight SA de CV lanz\u00f3 en Expo AMIC Dental de noviembre de 2018 el primer y \u00fanico l\u00e1ser quir\u00fargico mexicano, llamado \u201cGoliat\u201d, desarrollo 100% mexicano que forma parte de una gran plataforma tecnol\u00f3gica escalable para el odont\u00f3logo dentro del mundo [&hellip;]<\/p>\n","protected":false},"author":563447,"featured_media":0,"parent":0,"menu_order":0,"comment_status":"closed","ping_status":"closed","template":"elementor_canvas","meta":{"_joinchat":[],"footnotes":""},"class_list":["post-14864","page","type-page","status-publish","hentry"],"aioseo_notices":[],"_links":{"self":[{"href":"https:\/\/new.introlight.mx\/index.php?rest_route=\/wp\/v2\/pages\/14864","targetHints":{"allow":["GET"]}}],"collection":[{"href":"https:\/\/new.introlight.mx\/index.php?rest_route=\/wp\/v2\/pages"}],"about":[{"href":"https:\/\/new.introlight.mx\/index.php?rest_route=\/wp\/v2\/types\/page"}],"author":[{"embeddable":true,"href":"https:\/\/new.introlight.mx\/index.php?rest_route=\/wp\/v2\/users\/563447"}],"replies":[{"embeddable":true,"href":"https:\/\/new.introlight.mx\/index.php?rest_route=%2Fwp%2Fv2%2Fcomments&post=14864"}],"version-history":[{"count":1,"href":"https:\/\/new.introlight.mx\/index.php?rest_route=\/wp\/v2\/pages\/14864\/revisions"}],"predecessor-version":[{"id":14865,"href":"https:\/\/new.introlight.mx\/index.php?rest_route=\/wp\/v2\/pages\/14864\/revisions\/14865"}],"wp:attachment":[{"href":"https:\/\/new.introlight.mx\/index.php?rest_route=%2Fwp%2Fv2%2Fmedia&parent=14864"}],"curies":[{"name":"wp","href":"https:\/\/api.w.org\/{rel}","templated":true}]}}