{"id":12938,"date":"2022-06-30T19:57:29","date_gmt":"2022-06-30T19:57:29","guid":{"rendered":"https:\/\/new.introlight.mx\/?page_id=12938"},"modified":"2024-12-21T01:32:22","modified_gmt":"2024-12-21T01:32:22","slug":"contacto-2","status":"publish","type":"page","link":"https:\/\/new.introlight.mx\/?page_id=12938","title":{"rendered":"Contacto"},"content":{"rendered":"\t\t<div data-elementor-type=\"wp-page\" data-elementor-id=\"12938\" class=\"elementor elementor-12938\">\n\t\t\t\t\t\t<section class=\"elementor-section elementor-top-section elementor-element elementor-element-68e39bd elementor-section-boxed elementor-section-height-default elementor-section-height-default\" data-id=\"68e39bd\" data-element_type=\"section\" data-e-type=\"section\">\n\t\t\t\t\t\t<div class=\"elementor-container elementor-column-gap-default\">\n\t\t\t\t\t<div class=\"elementor-column elementor-col-100 elementor-top-column elementor-element elementor-element-16d8cf8\" data-id=\"16d8cf8\" data-element_type=\"column\" data-e-type=\"column\">\n\t\t\t<div class=\"elementor-widget-wrap elementor-element-populated\">\n\t\t\t\t\t\t<div class=\"elementor-element elementor-element-56c000e elementor-widget elementor-widget-text-editor\" data-id=\"56c000e\" data-element_type=\"widget\" data-e-type=\"widget\" data-widget_type=\"text-editor.default\">\n\t\t\t\t<div class=\"elementor-widget-container\">\n\t\t\t\t\t\t\t\t\t<h6 style=\"text-align: right;\"><span style=\"color: #ede6e6;\">c\u00f3digo: 11981 419-488-71 71427321893 54121381948 91688 741 8888 519-7148<\/span><\/h6>\t\t\t\t\t\t\t\t<\/div>\n\t\t\t\t<\/div>\n\t\t\t\t\t<\/div>\n\t\t<\/div>\n\t\t\t\t\t<\/div>\n\t\t<\/section>\n\t\t\t\t<section class=\"elementor-section elementor-top-section elementor-element elementor-element-0c2daa4 elementor-section-stretched elementor-section-boxed elementor-section-height-default elementor-section-height-default\" data-id=\"0c2daa4\" data-element_type=\"section\" data-e-type=\"section\" data-settings=\"{&quot;stretch_section&quot;:&quot;section-stretched&quot;,&quot;background_background&quot;:&quot;classic&quot;}\">\n\t\t\t\t\t\t<div class=\"elementor-container elementor-column-gap-default\">\n\t\t\t\t\t<div class=\"elementor-column elementor-col-33 elementor-top-column elementor-element elementor-element-08141a5\" data-id=\"08141a5\" data-element_type=\"column\" data-e-type=\"column\">\n\t\t\t<div class=\"elementor-widget-wrap\">\n\t\t\t\t\t\t\t<\/div>\n\t\t<\/div>\n\t\t\t\t<div class=\"elementor-column elementor-col-33 elementor-top-column elementor-element elementor-element-e1fdf5c\" data-id=\"e1fdf5c\" data-element_type=\"column\" data-e-type=\"column\">\n\t\t\t<div class=\"elementor-widget-wrap elementor-element-populated\">\n\t\t\t\t\t\t<div class=\"elementor-element elementor-element-5d22056 elementor-widget elementor-widget-text-editor\" data-id=\"5d22056\" data-element_type=\"widget\" data-e-type=\"widget\" data-widget_type=\"text-editor.default\">\n\t\t\t\t<div class=\"elementor-widget-container\">\n\t\t\t\t\t\t\t\t\t<h2 style=\"text-align: center;\"><span style=\"color: #000000;\"><strong>Contacto<\/strong><\/span><\/h2>\t\t\t\t\t\t\t\t<\/div>\n\t\t\t\t<\/div>\n\t\t\t\t<div class=\"elementor-element elementor-element-f08f2c2 elementor-align-center elementor-widget elementor-widget-button\" data-id=\"f08f2c2\" data-element_type=\"widget\" data-e-type=\"widget\" data-widget_type=\"button.default\">\n\t\t\t\t<div class=\"elementor-widget-container\">\n\t\t\t\t\t\t\t\t\t<div class=\"elementor-button-wrapper\">\n\t\t\t\t\t<a class=\"elementor-button elementor-button-link elementor-size-sm\" href=\"https:\/\/wa.me\/5215554363668\">\n\t\t\t\t\t\t<span class=\"elementor-button-content-wrapper\">\n\t\t\t\t\t\t\t\t\t<span class=\"elementor-button-text\">Env\u00edanos un Mensaje de WhatsApp <\/span>\n\t\t\t\t\t<\/span>\n\t\t\t\t\t<\/a>\n\t\t\t\t<\/div>\n\t\t\t\t\t\t\t\t<\/div>\n\t\t\t\t<\/div>\n\t\t\t\t\t<\/div>\n\t\t<\/div>\n\t\t\t\t<div class=\"elementor-column elementor-col-33 elementor-top-column elementor-element elementor-element-2d85412\" data-id=\"2d85412\" data-element_type=\"column\" data-e-type=\"column\">\n\t\t\t<div class=\"elementor-widget-wrap\">\n\t\t\t\t\t\t\t<\/div>\n\t\t<\/div>\n\t\t\t\t\t<\/div>\n\t\t<\/section>\n\t\t\t\t<section class=\"elementor-section elementor-top-section elementor-element elementor-element-af73b04 elementor-section-boxed elementor-section-height-default elementor-section-height-default\" data-id=\"af73b04\" data-element_type=\"section\" data-e-type=\"section\">\n\t\t\t\t\t\t<div class=\"elementor-container elementor-column-gap-default\">\n\t\t\t\t\t<div class=\"elementor-column elementor-col-100 elementor-top-column elementor-element elementor-element-e1e649c\" data-id=\"e1e649c\" data-element_type=\"column\" data-e-type=\"column\">\n\t\t\t<div class=\"elementor-widget-wrap elementor-element-populated\">\n\t\t\t\t\t\t<div class=\"elementor-element elementor-element-a01fcfd elementor-widget elementor-widget-spacer\" data-id=\"a01fcfd\" data-element_type=\"widget\" data-e-type=\"widget\" data-widget_type=\"spacer.default\">\n\t\t\t\t<div class=\"elementor-widget-container\">\n\t\t\t\t\t\t\t<div class=\"elementor-spacer\">\n\t\t\t<div class=\"elementor-spacer-inner\"><\/div>\n\t\t<\/div>\n\t\t\t\t\t\t<\/div>\n\t\t\t\t<\/div>\n\t\t\t\t\t<\/div>\n\t\t<\/div>\n\t\t\t\t\t<\/div>\n\t\t<\/section>\n\t\t\t\t<section class=\"elementor-section elementor-top-section elementor-element elementor-element-96b5e56 elementor-section-stretched elementor-section-boxed elementor-section-height-default elementor-section-height-default\" data-id=\"96b5e56\" data-element_type=\"section\" data-e-type=\"section\" data-settings=\"{&quot;stretch_section&quot;:&quot;section-stretched&quot;}\">\n\t\t\t\t\t\t<div class=\"elementor-container elementor-column-gap-default\">\n\t\t\t\t\t<div class=\"elementor-column elementor-col-20 elementor-top-column elementor-element elementor-element-637cf8e\" data-id=\"637cf8e\" data-element_type=\"column\" data-e-type=\"column\">\n\t\t\t<div class=\"elementor-widget-wrap\">\n\t\t\t\t\t\t\t<\/div>\n\t\t<\/div>\n\t\t\t\t<div class=\"elementor-column elementor-col-20 elementor-top-column elementor-element elementor-element-a7580aa\" data-id=\"a7580aa\" data-element_type=\"column\" data-e-type=\"column\">\n\t\t\t<div class=\"elementor-widget-wrap elementor-element-populated\">\n\t\t\t\t\t\t<div class=\"elementor-element elementor-element-a3cb42c elementor-widget elementor-widget-text-editor\" data-id=\"a3cb42c\" data-element_type=\"widget\" data-e-type=\"widget\" data-widget_type=\"text-editor.default\">\n\t\t\t\t<div class=\"elementor-widget-container\">\n\t\t\t\t\t\t\t\t\t<h4><span style=\"color: #000000;\">Env\u00edanos una<\/span><\/h4><div><h3><span style=\"color: #000000;\"><span style=\"font-weight: bold;\">Pregunta o Comentario<\/span><\/span><\/h3><\/div>\t\t\t\t\t\t\t\t<\/div>\n\t\t\t\t<\/div>\n\t\t\t\t\t<\/div>\n\t\t<\/div>\n\t\t\t\t<div class=\"elementor-column elementor-col-20 elementor-top-column elementor-element elementor-element-ed6d9fd\" data-id=\"ed6d9fd\" data-element_type=\"column\" data-e-type=\"column\">\n\t\t\t<div class=\"elementor-widget-wrap\">\n\t\t\t\t\t\t\t<\/div>\n\t\t<\/div>\n\t\t\t\t<div class=\"elementor-column elementor-col-20 elementor-top-column elementor-element elementor-element-d9bddc8\" data-id=\"d9bddc8\" data-element_type=\"column\" data-e-type=\"column\">\n\t\t\t<div class=\"elementor-widget-wrap elementor-element-populated\">\n\t\t\t\t\t\t<div class=\"elementor-element elementor-element-7674c4d elementor-widget elementor-widget-html\" data-id=\"7674c4d\" data-element_type=\"widget\" data-e-type=\"widget\" data-widget_type=\"html.default\">\n\t\t\t\t<div class=\"elementor-widget-container\">\n\t\t\t\t\t<meta http-equiv=\"Content-Type\" content=\"text\/html;charset=UTF-8\"><form id=\"_vtigerWebForm\" name=\"Contacto pagina web\" action=\"https:\/\/introlight.mx\/vtigercrm\/modules\/Webforms\/capture.php\" method=\"post\" accept-charset=\"utf-8\" enctype=\"multipart\/form-data\"><input type=\"hidden\" name=\"vtrftk\" value=\"sid:6e51b3162d245a00c1cea0f1ddf42cf36c997dc7,1637176197\"><input type=\"hidden\" name=\"publicid\" value=\"53188a9d498fad1a88c1e21908137d74\"><input type=\"hidden\" name=\"urlencodeenable\" value=\"1\"><input type=\"hidden\" name=\"name\" value=\"Contacto pagina web\"><table><tbody><tr><td><label>Apellidos*<\/label><\/td><td><input type=\"text\" name=\"lastname\" data-label=\"\" value=\"\" required=\"\"><\/td><\/tr><tr><td><label>Nombre*<\/label><\/td><td><input type=\"text\" name=\"firstname\" data-label=\"\" value=\"\" required=\"\"><\/td><\/tr><tr><td><label>Especialidad<\/label><\/td><td><select name=\"cf_864\" data-label=\"label:Especialidad\"><option value=\"\">Seleccione el valor<\/option><option value=\"Acupuntura\">Acupuntura<\/option><option value=\"Cirugia Bucal\">Cirugia Bucal<\/option><option value=\"Cirugia Maxilo\">Cirugia Maxilo<\/option><option value=\"Cosmeatria\">Cosmeatria<\/option><option value=\"Dermatologia\">Dermatologia<\/option><option value=\"Distribuidor\">Distribuidor<\/option><option value=\"Endodoncia\">Endodoncia<\/option><option value=\"Flevologo\">Flevologo<\/option><option value=\"Implantologia\">Implantologia<\/option><option value=\"Medicina Estetica\">Medicina Estetica<\/option><option value=\"Medicina General\">Medicina General<\/option><option value=\"Odontologia General\">Odontologia General<\/option><option value=\"Odontopedriatria\">Odontopedriatria<\/option><option value=\"Ortodoncia\">Ortodoncia<\/option><option value=\"Ortopedia\">Ortopedia<\/option><option value=\"Periodoncia\">Periodoncia<\/option><option value=\"Podologia\">Podologia<\/option><option value=\"Protesis\">Protesis<\/option><option value=\"Rehabilitacion Dental\">Rehabilitacion Dental<\/option><option value=\"Rehabilitador Fisico\">Rehabilitador Fisico<\/option><option value=\"Variatra\">Variatra<\/option><option value=\"Veterinaria\">Veterinaria<\/option><\/select><\/td><\/tr><tr><td><label>Dir. Facebook*<\/label><\/td><td><input type=\"text\" name=\"cf_870\" data-label=\"\" value=\"\" required=\"\"><\/td><\/tr><tr><td><label>Tel. m\u00f3vil*<\/label><\/td><td><input type=\"text\" name=\"mobile\" data-label=\"\" value=\"\" required=\"\"><\/td><\/tr><tr><td><label>A que hora lo podemos contactar<\/label><\/td><td><input type=\"text\" name=\"cf_1026\" data-label=\"\" value=\"\"><\/td><\/tr><tr><td><label>Correo<\/label><\/td><td><input type=\"email\" name=\"email\" data-label=\"\" value=\"\"><\/td><\/tr><tr><td><label>Tiene Laser<\/label><\/td><td><select name=\"cf_882\" data-label=\"label:Tiene+Laser\"><option value=\"\">Seleccione el valor<\/option><option value=\"Si\">Si<\/option><option value=\"No\">No<\/option><\/select><\/td><\/tr><tr><td><label>Le interesa tomar cursos de laser ?<\/label><\/td><td><select name=\"cf_1074\" data-label=\"label:Le+interesa+tomar+cursos+de+laser+%3F\"><option value=\"\">Seleccione el valor<\/option><option value=\"Si\" selected=\"\">Si<\/option><option value=\"No\">No<\/option><\/select><\/td><\/tr><tr><td><label>\u00c1rea de inter\u00e9s.<\/label><\/td><td><select name=\"cf_1080[]\" data-label=\"label:%26Aacute%3Brea+de+inter%26eacute%3Bs.\" multiple=\"\" style=\"width: 60%;\"><option value=\"Ortodoncia\">Ortodoncia<\/option><option value=\"Periodoncia\">Periodoncia<\/option><option value=\"Implantologia\">Implantologia<\/option><option value=\"Cirugia\">Cirugia<\/option><option value=\"Endodoncia\">Endodoncia<\/option><option value=\"Estetica\">Estetica<\/option><option value=\"Rehabilitacion Fisica\">Rehabilitacion Fisica<\/option><option value=\"Podolog\u00eda\">Podolog\u00eda<\/option><option value=\"Veterinaria\">Veterinaria<\/option><\/select><\/td><\/tr><tr><td><label>Comentario.<\/label><\/td><td><textarea name=\"cf_1128\"><\/textarea><\/td><\/tr><tr><td><select name=\"leadsource\" data-label=\"leadsource\" hidden=\"\"><option value=\"\">Seleccione el valor<\/option><option value=\"Cold Call\">Llamada en fr\u00edo<\/option><option value=\"Cambaceo\">Cambaceo<\/option><option value=\"Campa\u00f1a\">Campa\u00f1a<\/option><option value=\"Campa\u00f1a Facebook\">Campa\u00f1a Facebook<\/option><option value=\"Self Generated\">Autogenerado<\/option><option value=\"Instagram\">Instagram<\/option><option value=\"Facebook\">Facebook<\/option><option value=\"Web Site\" selected=\"\">P\u00e1gina web<\/option><option value=\"Curso\">Curso<\/option><option value=\"Expo\">Expo<\/option><option value=\"Word of mouth\">Boca a boca<\/option><option value=\"Recomendado\">Recomendado<\/option><option value=\"Existing Customer\">Cliente existente<\/option><option value=\"Conference\">Conferencia<\/option><option value=\"Trade Show\">Feria comercial<\/option><option value=\"Direct Mail\">Correo directo<\/option><option value=\"Other\">Otro<\/option><option value=\"Employee\">Empleado<\/option><option value=\"Public Relations\">Relaciones p\u00fablicas<\/option><option value=\"Partner\">Socio<\/option><\/select><\/td><\/tr><tr><td><input type=\"hidden\" name=\"cf_1044\" data-label=\"\" value=\"0\"><input type=\"hidden\" name=\"cf_1044\" data-label=\"\" value=\"1\" checked=\"\"><\/td><\/tr><tr><td><select name=\"cf_1238\" data-label=\"label:Nos+contacto+por\" hidden=\"\"><option value=\"\">Seleccione el valor<\/option><option value=\"Pagina web Formulario\" selected=\"\">Pagina web Formulario<\/option><option value=\"Vtiger Formulario\">Vtiger Formulario<\/option><option value=\"Facebook Formulario\">Facebook Formulario<\/option><option value=\"Facebook Mesenger\">Facebook Mesenger<\/option><option value=\"Facebook Comentarios\">Facebook Comentarios<\/option><option value=\"Facebook Grupos\">Facebook Grupos<\/option><option value=\"Whatsapp\">Whatsapp<\/option><\/select><\/td><\/tr><\/tbody><\/table><input type=\"submit\" value=\"Enviar\"><\/form><script  type=\"text\/javascript\">window.onload = function() { var N=navigator.appName, ua=navigator.userAgent, tem;var M=ua.match(\/(opera|chrome|safari|firefox|msie)\\\/?\\s*(\\.?\\d+(\\.\\d+)*)\/i);if(M && (tem= ua.match(\/version\\\/([\\.\\d]+)\/i))!= null) M[2]= tem[1];M=M? [M[1], M[2]]: [N, navigator.appVersion, \"-?\"];var browserName = M[0];var form = document.getElementById(\"vtigerWebForm\"), inputs = form.elements; form.onsubmit = function() { var required = [], att, val; for (var i = 0; i < inputs.length; i++) { att = inputs[i].getAttribute(\"required\"); val = inputs[i].value; type = inputs[i].type; if(type == \"email\") {if(val != \"\") {var elemLabel = inputs[i].getAttribute(\"label\");var emailFilter = \/^[\/a-zA-Z0-9]+([!\"#$%&()*+,.\/:;<=>?\\^`{|}~-]?[a-zA-Z0-9\/\/-])@[a-zA-Z0-9]+([\\_\\-\\.]?[a-zA-Z0-9]+)\\.([\\-\\_]?[a-zA-Z0-9])+(\\.?[a-zA-Z0-9]+)?$\/;var illegalChars= \/[\\(\\)\\<\\>\\,\\;\\:\\\"\\[\\]]\/ ;if (!emailFilter.test(val)) {alert(\"For \"+ elemLabel +\" field please enter valid email address\"); return false;} else if (val.match(illegalChars)) {alert(elemLabel +\" field contains illegal characters\");return false;}}}if (att != null) { if (val.replace(\/^\\s+|\\s+$\/g, \"\") == \"\") { required.push(inputs[i].getAttribute(\"label\")); } } } if (required.length > 0) { alert(\"The following fields are required: \" + required.join()); return false; } var numberTypeInputs = document.querySelectorAll(\"input[type=number]\");for (var i = 0; i < numberTypeInputs.length; i++) { val = numberTypeInputs[i].value;var elemLabel = numberTypeInputs[i].getAttribute(\"label\");var elemDataType = numberTypeInputs[i].getAttribute(\"datatype\");if(val != \"\") {if(elemDataType == \"double\") {var numRegex = \/^[+-]?\\d+(\\.\\d+)?$\/;}else{var numRegex = \/^[+-]?\\d+$\/;}if (!numRegex.test(val)) {alert(\"For \"+ elemLabel +\" field please enter valid number\"); return false;}}}var dateTypeInputs = document.querySelectorAll(\"input[type=date]\");for (var i = 0; i < dateTypeInputs.length; i++) {dateVal = dateTypeInputs[i].value;var elemLabel = dateTypeInputs[i].getAttribute(\"label\");if(dateVal != \"\") {var dateRegex = \/^[1-9][0-9]{3}-(0[1-9]|1[0-2]|[1-9]{1})-(0[1-9]|[1-2][0-9]|3[0-1]|[1-9]{1})$\/;if(!dateRegex.test(dateVal)) {alert(\"For \"+ elemLabel +\" field please enter valid date in required format\"); return false;}}}var inputElems = document.getElementsByTagName(\"input\");var totalFileSize = 0;for(var i = 0; i < inputElems.length; i++) {if(inputElems[i].type.toLowerCase() === \"file\") {var file = inputElems[i].files[0];if(typeof file !== \"undefined\") {var totalFileSize = totalFileSize + file.size;}}}if(totalFileSize > 52428800) {alert(\"Maximum allowed file size including all files is 50MB.\");return false;}}; }<\/script>\t\t\t\t<\/div>\n\t\t\t\t<\/div>\n\t\t\t\t\t<\/div>\n\t\t<\/div>\n\t\t\t\t<div class=\"elementor-column elementor-col-20 elementor-top-column elementor-element elementor-element-ae35909\" data-id=\"ae35909\" data-element_type=\"column\" data-e-type=\"column\">\n\t\t\t<div class=\"elementor-widget-wrap\">\n\t\t\t\t\t\t\t<\/div>\n\t\t<\/div>\n\t\t\t\t\t<\/div>\n\t\t<\/section>\n\t\t\t\t<section class=\"elementor-section elementor-top-section elementor-element elementor-element-26572fc elementor-section-boxed elementor-section-height-default elementor-section-height-default\" data-id=\"26572fc\" data-element_type=\"section\" data-e-type=\"section\">\n\t\t\t\t\t\t<div class=\"elementor-container elementor-column-gap-default\">\n\t\t\t\t\t<div class=\"elementor-column elementor-col-100 elementor-top-column elementor-element elementor-element-3e94c32\" data-id=\"3e94c32\" data-element_type=\"column\" data-e-type=\"column\">\n\t\t\t<div class=\"elementor-widget-wrap elementor-element-populated\">\n\t\t\t\t\t\t<div class=\"elementor-element elementor-element-d3de859 elementor-widget elementor-widget-spacer\" data-id=\"d3de859\" data-element_type=\"widget\" data-e-type=\"widget\" data-widget_type=\"spacer.default\">\n\t\t\t\t<div class=\"elementor-widget-container\">\n\t\t\t\t\t\t\t<div class=\"elementor-spacer\">\n\t\t\t<div class=\"elementor-spacer-inner\"><\/div>\n\t\t<\/div>\n\t\t\t\t\t\t<\/div>\n\t\t\t\t<\/div>\n\t\t\t\t\t<\/div>\n\t\t<\/div>\n\t\t\t\t\t<\/div>\n\t\t<\/section>\n\t\t\t\t<section class=\"elementor-section elementor-top-section elementor-element elementor-element-cc8ba89 elementor-section-stretched elementor-section-boxed elementor-section-height-default elementor-section-height-default\" data-id=\"cc8ba89\" data-element_type=\"section\" data-e-type=\"section\" data-settings=\"{&quot;stretch_section&quot;:&quot;section-stretched&quot;,&quot;background_background&quot;:&quot;classic&quot;}\">\n\t\t\t\t\t\t<div class=\"elementor-container elementor-column-gap-default\">\n\t\t\t\t\t<div class=\"elementor-column elementor-col-100 elementor-top-column elementor-element elementor-element-43b4e87\" data-id=\"43b4e87\" data-element_type=\"column\" data-e-type=\"column\">\n\t\t\t<div class=\"elementor-widget-wrap elementor-element-populated\">\n\t\t\t\t\t\t<div class=\"elementor-element elementor-element-4f36698 elementor-widget elementor-widget-spacer\" data-id=\"4f36698\" data-element_type=\"widget\" data-e-type=\"widget\" data-widget_type=\"spacer.default\">\n\t\t\t\t<div class=\"elementor-widget-container\">\n\t\t\t\t\t\t\t<div class=\"elementor-spacer\">\n\t\t\t<div class=\"elementor-spacer-inner\"><\/div>\n\t\t<\/div>\n\t\t\t\t\t\t<\/div>\n\t\t\t\t<\/div>\n\t\t\t\t\t<\/div>\n\t\t<\/div>\n\t\t\t\t\t<\/div>\n\t\t<\/section>\n\t\t\t\t<section class=\"elementor-section elementor-top-section elementor-element elementor-element-92a9f41 elementor-section-stretched elementor-section-boxed elementor-section-height-default elementor-section-height-default\" data-id=\"92a9f41\" data-element_type=\"section\" data-e-type=\"section\" data-settings=\"{&quot;stretch_section&quot;:&quot;section-stretched&quot;,&quot;background_background&quot;:&quot;classic&quot;}\">\n\t\t\t\t\t\t<div class=\"elementor-container elementor-column-gap-default\">\n\t\t\t\t\t<div class=\"elementor-column elementor-col-20 elementor-top-column elementor-element elementor-element-cd7d648\" data-id=\"cd7d648\" data-element_type=\"column\" data-e-type=\"column\">\n\t\t\t<div class=\"elementor-widget-wrap\">\n\t\t\t\t\t\t\t<\/div>\n\t\t<\/div>\n\t\t\t\t<div class=\"elementor-column elementor-col-20 elementor-top-column elementor-element elementor-element-5efb840\" data-id=\"5efb840\" data-element_type=\"column\" data-e-type=\"column\">\n\t\t\t<div class=\"elementor-widget-wrap elementor-element-populated\">\n\t\t\t\t\t\t<div class=\"elementor-element elementor-element-463739a elementor-widget elementor-widget-text-editor\" data-id=\"463739a\" data-element_type=\"widget\" data-e-type=\"widget\" data-widget_type=\"text-editor.default\">\n\t\t\t\t<div class=\"elementor-widget-container\">\n\t\t\t\t\t\t\t\t\t<h4><span style=\"color: #ffffff;\">Nuestra<\/span><\/h4><h3><strong><span style=\"color: #ffffff;\">Ubicaci\u00f3n<\/span><\/strong><\/h3>\t\t\t\t\t\t\t\t<\/div>\n\t\t\t\t<\/div>\n\t\t\t\t<div class=\"elementor-element elementor-element-6bd50ae elementor-widget elementor-widget-text-editor\" data-id=\"6bd50ae\" data-element_type=\"widget\" data-e-type=\"widget\" data-widget_type=\"text-editor.default\">\n\t\t\t\t<div class=\"elementor-widget-container\">\n\t\t\t\t\t\t\t\t\t<h4><span style=\"color: #000000;\">\u00a0<strong style=\"font-size: 24px; background-color: var( --e-global-color-2e12ce0f );\">Misi\u00f3n<\/strong><\/span><\/h4>\t\t\t\t\t\t\t\t<\/div>\n\t\t\t\t<\/div>\n\t\t\t\t\t<\/div>\n\t\t<\/div>\n\t\t\t\t<div class=\"elementor-column elementor-col-20 elementor-top-column elementor-element elementor-element-65a8069\" data-id=\"65a8069\" data-element_type=\"column\" data-e-type=\"column\">\n\t\t\t<div class=\"elementor-widget-wrap\">\n\t\t\t\t\t\t\t<\/div>\n\t\t<\/div>\n\t\t\t\t<div class=\"elementor-column elementor-col-20 elementor-top-column elementor-element elementor-element-e1bf47d\" data-id=\"e1bf47d\" data-element_type=\"column\" data-e-type=\"column\">\n\t\t\t<div class=\"elementor-widget-wrap elementor-element-populated\">\n\t\t\t\t\t\t<div class=\"elementor-element elementor-element-11b8290 elementor-widget elementor-widget-google_maps\" data-id=\"11b8290\" data-element_type=\"widget\" data-e-type=\"widget\" data-widget_type=\"google_maps.default\">\n\t\t\t\t<div class=\"elementor-widget-container\">\n\t\t\t\t\t\t\t<div class=\"elementor-custom-embed\">\n\t\t\t<iframe\n\t\t\t\t\tdata-src=\"https:\/\/maps.google.com\/maps?q=INTROLIGHT%20S.A.%20DE%20C.V.&#038;t=m&#038;z=9&#038;output=embed&#038;iwloc=near\"\n\t\t\t\t\ttitle=\"INTROLIGHT S.A. DE C.V.\"\n\t\t\t\t\taria-label=\"INTROLIGHT S.A. DE C.V.\"\n\t\t\t src=\"data:image\/svg+xml;base64,PHN2ZyB3aWR0aD0iMSIgaGVpZ2h0PSIxIiB4bWxucz0iaHR0cDovL3d3dy53My5vcmcvMjAwMC9zdmciPjwvc3ZnPg==\" class=\"lazyload\" data-load-mode=\"1\"><\/iframe>\n\t\t<\/div>\n\t\t\t\t\t\t<\/div>\n\t\t\t\t<\/div>\n\t\t\t\t<div class=\"elementor-element elementor-element-0431db0 elementor-widget elementor-widget-text-editor\" data-id=\"0431db0\" data-element_type=\"widget\" data-e-type=\"widget\" data-widget_type=\"text-editor.default\">\n\t\t\t\t<div class=\"elementor-widget-container\">\n\t\t\t\t\t\t\t\t\t<h5 style=\"text-align: center;\"><span style=\"color: #ffffff;\">Sur 77 250, Sinatel, Iztapalapa, 09470 Ciudad de M\u00e9xico, CDMX<\/span><\/h5>\t\t\t\t\t\t\t\t<\/div>\n\t\t\t\t<\/div>\n\t\t\t\t\t<\/div>\n\t\t<\/div>\n\t\t\t\t<div class=\"elementor-column elementor-col-20 elementor-top-column elementor-element elementor-element-1626c7e\" data-id=\"1626c7e\" data-element_type=\"column\" data-e-type=\"column\">\n\t\t\t<div class=\"elementor-widget-wrap\">\n\t\t\t\t\t\t\t<\/div>\n\t\t<\/div>\n\t\t\t\t\t<\/div>\n\t\t<\/section>\n\t\t\t\t<section class=\"elementor-section elementor-top-section elementor-element elementor-element-427216c elementor-section-stretched elementor-section-boxed elementor-section-height-default elementor-section-height-default\" data-id=\"427216c\" data-element_type=\"section\" data-e-type=\"section\" data-settings=\"{&quot;stretch_section&quot;:&quot;section-stretched&quot;,&quot;background_background&quot;:&quot;classic&quot;}\">\n\t\t\t\t\t\t<div class=\"elementor-container elementor-column-gap-default\">\n\t\t\t\t\t<div class=\"elementor-column elementor-col-100 elementor-top-column elementor-element elementor-element-85f4b9f\" data-id=\"85f4b9f\" data-element_type=\"column\" data-e-type=\"column\">\n\t\t\t<div class=\"elementor-widget-wrap elementor-element-populated\">\n\t\t\t\t\t\t<div class=\"elementor-element elementor-element-5007af2 elementor-widget elementor-widget-spacer\" data-id=\"5007af2\" data-element_type=\"widget\" data-e-type=\"widget\" data-widget_type=\"spacer.default\">\n\t\t\t\t<div class=\"elementor-widget-container\">\n\t\t\t\t\t\t\t<div class=\"elementor-spacer\">\n\t\t\t<div class=\"elementor-spacer-inner\"><\/div>\n\t\t<\/div>\n\t\t\t\t\t\t<\/div>\n\t\t\t\t<\/div>\n\t\t\t\t\t<\/div>\n\t\t<\/div>\n\t\t\t\t\t<\/div>\n\t\t<\/section>\n\t\t\t\t<\/div>\n\t\t","protected":false},"excerpt":{"rendered":"<p>c\u00f3digo: 11981 419-488-71 71427321893 54121381948 91688 741 8888 519-7148 Contacto Env\u00edanos un Mensaje de WhatsApp Env\u00edanos una Pregunta o Comentario Apellidos* Nombre* Especialidad Seleccione el valorAcupunturaCirugia BucalCirugia MaxiloCosmeatriaDermatologiaDistribuidorEndodonciaFlevologoImplantologiaMedicina EsteticaMedicina GeneralOdontologia GeneralOdontopedriatriaOrtodonciaOrtopediaPeriodonciaPodologiaProtesisRehabilitacion DentalRehabilitador FisicoVariatraVeterinaria Dir. Facebook* Tel. m\u00f3vil* A que hora lo podemos contactar Correo Tiene Laser Seleccione el valorSiNo Le interesa tomar cursos de laser [&hellip;]<\/p>\n","protected":false},"author":563447,"featured_media":0,"parent":0,"menu_order":0,"comment_status":"closed","ping_status":"closed","template":"","meta":{"_joinchat":[],"footnotes":""},"class_list":["post-12938","page","type-page","status-publish","hentry"],"aioseo_notices":[],"_links":{"self":[{"href":"https:\/\/new.introlight.mx\/index.php?rest_route=\/wp\/v2\/pages\/12938","targetHints":{"allow":["GET"]}}],"collection":[{"href":"https:\/\/new.introlight.mx\/index.php?rest_route=\/wp\/v2\/pages"}],"about":[{"href":"https:\/\/new.introlight.mx\/index.php?rest_route=\/wp\/v2\/types\/page"}],"author":[{"embeddable":true,"href":"https:\/\/new.introlight.mx\/index.php?rest_route=\/wp\/v2\/users\/563447"}],"replies":[{"embeddable":true,"href":"https:\/\/new.introlight.mx\/index.php?rest_route=%2Fwp%2Fv2%2Fcomments&post=12938"}],"version-history":[{"count":34,"href":"https:\/\/new.introlight.mx\/index.php?rest_route=\/wp\/v2\/pages\/12938\/revisions"}],"predecessor-version":[{"id":14790,"href":"https:\/\/new.introlight.mx\/index.php?rest_route=\/wp\/v2\/pages\/12938\/revisions\/14790"}],"wp:attachment":[{"href":"https:\/\/new.introlight.mx\/index.php?rest_route=%2Fwp%2Fv2%2Fmedia&parent=12938"}],"curies":[{"name":"wp","href":"https:\/\/api.w.org\/{rel}","templated":true}]}}